{"id":2,"date":"2026-02-10T13:59:35","date_gmt":"2026-02-10T13:59:35","guid":{"rendered":"http:\/\/aurevoirjacques.fr\/?page_id=2"},"modified":"2026-02-11T15:05:13","modified_gmt":"2026-02-11T15:05:13","slug":"sample-page","status":"publish","type":"page","link":"https:\/\/aurevoirjacques.fr\/","title":{"rendered":"Au revoir Jacques !"},"content":{"rendered":"\n<p>Pour Lancer la vid\u00e9o et le son utiliser la fl\u00e9ch\u00e9 en bas \u00e0 gauche<\/p>\n\n\n\n<figure class=\"wp-block-video\"><video height=\"1080\" style=\"aspect-ratio: 1920 \/ 1080;\" width=\"1920\" controls loop src=\"https:\/\/aurevoirjacques.fr\/wp-content\/uploads\/2026\/02\/FILM_JACQUES.mp4\" playsinline><\/video><figcaption class=\"wp-element-caption\">Pour t\u00e9l\u00e9charger la vid\u00e9o (format MP4) sous Windows 11<br>&#8211; Clic droit puis \u00ab\u00a0Enregistrer la vid\u00e9o sous\u00a0\u00bb. <br>&#8211; Choisissez l&rsquo;endroit de sauvegarde sur votre disque dur <br>&#8211; Cliquez sur le bouton \u00ab\u00a0Enregistrer\u00a0\u00bb puis attendez quelques secondes, minutes selon votre abonnement&#8230;<br>OU<br>&#8211; Cliquez sur les 3 points sur votre droite<br>&#8211; Cliquez sur \u00ab\u00a0T\u00e9l\u00e9charger\u00a0\u00bb<br>&#8211; R\u00e9cup\u00e9rer votre enregistrement dans le dossier (R\u00e9pertoire) \u00ab\u00a0T\u00e9l\u00e9chargement\u00a0\u00bb<\/figcaption><\/figure>\n\n\n\n<p><\/p>\n\n\n\n<p><\/p>\n","protected":false},"excerpt":{"rendered":"<p>Pour Lancer la vid\u00e9o et le son utiliser la fl\u00e9ch\u00e9 en bas \u00e0 gauche<\/p>\n","protected":false},"author":1,"featured_media":0,"parent":0,"menu_order":0,"comment_status":"closed","ping_status":"closed","template":"","meta":{"footnotes":""},"class_list":["post-2","page","type-page","status-publish","hentry"],"_links":{"self":[{"href":"https:\/\/aurevoirjacques.fr\/index.php\/wp-json\/wp\/v2\/pages\/2","targetHints":{"allow":["GET"]}}],"collection":[{"href":"https:\/\/aurevoirjacques.fr\/index.php\/wp-json\/wp\/v2\/pages"}],"about":[{"href":"https:\/\/aurevoirjacques.fr\/index.php\/wp-json\/wp\/v2\/types\/page"}],"author":[{"embeddable":true,"href":"https:\/\/aurevoirjacques.fr\/index.php\/wp-json\/wp\/v2\/users\/1"}],"replies":[{"embeddable":true,"href":"https:\/\/aurevoirjacques.fr\/index.php\/wp-json\/wp\/v2\/comments?post=2"}],"version-history":[{"count":28,"href":"https:\/\/aurevoirjacques.fr\/index.php\/wp-json\/wp\/v2\/pages\/2\/revisions"}],"predecessor-version":[{"id":62,"href":"https:\/\/aurevoirjacques.fr\/index.php\/wp-json\/wp\/v2\/pages\/2\/revisions\/62"}],"wp:attachment":[{"href":"https:\/\/aurevoirjacques.fr\/index.php\/wp-json\/wp\/v2\/media?parent=2"}],"curies":[{"name":"wp","href":"https:\/\/api.w.org\/{rel}","templated":true}]}}